{"id":9,"date":"2024-03-04T07:08:16","date_gmt":"2024-03-04T07:08:16","guid":{"rendered":"http:\/\/www.mebsis.com.tr\/demo\/?page_id=9"},"modified":"2024-05-08T14:51:31","modified_gmt":"2024-05-08T14:51:31","slug":"mebsis","status":"publish","type":"page","link":"https:\/\/www.mebsis.com.tr\/","title":{"rendered":"Ana Sayfa"},"content":{"rendered":"\t\t<div data-elementor-type=\"wp-page\" data-elementor-id=\"9\" class=\"elementor elementor-9\">\n\t\t\t\t\t\t<section class=\"elementor-section elementor-top-section elementor-element elementor-element-0832699 elementor-section-full_width elementor-section-height-default elementor-section-height-default\" data-id=\"0832699\" data-element_type=\"section\" data-settings=\"{&quot;background_background&quot;:&quot;classic&quot;}\">\n\t\t\t\t\t\t<div class=\"elementor-container elementor-column-gap-no\">\n\t\t\t\t\t<div class=\"elementor-column elementor-col-100 elementor-top-column elementor-element elementor-element-e7be4c9\" data-id=\"e7be4c9\" data-element_type=\"column\">\n\t\t\t<div class=\"elementor-widget-wrap elementor-element-populated\">\n\t\t\t\t\t\t<div class=\"elementor-element elementor-element-ff14a5d elementor-widget elementor-widget-slider_revolution\" data-id=\"ff14a5d\" data-element_type=\"widget\" data-widget_type=\"slider_revolution.default\">\n\t\t\t\t<div class=\"elementor-widget-container\">\n\t\t\t\r\n\t\t<div class=\"wp-block-themepunch-revslider\">\n\t\t\t<!-- START Home1 REVOLUTION SLIDER 6.6.14 --><p class=\"rs-p-wp-fix\"><\/p>\n\t\t\t<rs-module-wrap id=\"rev_slider_2_1_wrapper\" data-source=\"gallery\" style=\"visibility:hidden;background:transparent;padding:0;margin:0px auto;margin-top:0;margin-bottom:0;\">\n\t\t\t\t<rs-module id=\"rev_slider_2_1\" style=\"\" data-version=\"6.6.14\">\n\t\t\t\t\t<rs-slides style=\"overflow: hidden; position: absolute;\">\n\t\t\t\t\t\t<rs-slide style=\"position: absolute;\" data-key=\"rs-5\" data-title=\"Slide\" data-in=\"o:1;y:(-100%);col:5;\" data-out=\"a:false;\">\n\t\t\t\t\t\t\t<img fetchpriority=\"high\" decoding=\"async\" src=\"\/\/www.mebsis.com.tr\/wp-content\/plugins\/revslider\/public\/assets\/assets\/dummy.png\" alt=\"slider-image\" title=\"slider-image\" width=\"1600\" height=\"700\" class=\"rev-slidebg tp-rs-img rs-lazyload\" data-lazyload=\"\/\/www.mebsis.com.tr\/demo\/wp-content\/uploads\/2020\/01\/slider-image.jpeg\" data-no-retina>\n\t\t\t\t\t\t\t<rs-bgvideo \n\t\t\t\t\t\t\t\tdata-video=\"w:100%;h:100%;nse:false;l:true;ptimer:true;vfc:true;\"\n\t\t\t\t\t\t\t\tdata-mp4=\"\/\/video.wixstatic.com\/video\/11062b_c0e21e358f59438ba4159e3c2574c45b\/1080p\/mp4\/file.mp4\"\n\t\t\t\t\t\t\t><\/rs-bgvideo>\n<!--\n\t\t\t\t\t\t\t--><rs-layer\n\t\t\t\t\t\t\t\tid=\"slider-2-slide-5-layer-0\" \n\t\t\t\t\t\t\t\tclass=\"xs-slider-text-shadow xs-slider-title\"\n\t\t\t\t\t\t\t\tdata-type=\"text\"\n\t\t\t\t\t\t\t\tdata-color=\"#ff0000||#ff0000||#2e3d44||#2e3d44\"\n\t\t\t\t\t\t\t\tdata-rsp_ch=\"on\"\n\t\t\t\t\t\t\t\tdata-xy=\"x:c,c,l,l;xo:-2px,-2px,35px,20px;yo:185px,185px,230px,185px;\"\n\t\t\t\t\t\t\t\tdata-text=\"s:112,112,50,30;l:112,112,56,35;ls:-4,-4,0px,0px;fw:700,700,800,800;a:inherit;\"\n\t\t\t\t\t\t\t\tdata-dim=\"w:412px,412px,auto,auto;\"\n\t\t\t\t\t\t\t\tdata-frame_0=\"x:left;\"\n\t\t\t\t\t\t\t\tdata-frame_1=\"st:1190;sp:1000;sR:1190;\"\n\t\t\t\t\t\t\t\tdata-frame_999=\"x:-88px;o:0;st:w;sp:1000;sR:6810;\"\n\t\t\t\t\t\t\t\tstyle=\"z-index:8;font-family:'Poppins';\"\n\t\t\t\t\t\t\t>ARAYIN \n\t\t\t\t\t\t\t<\/rs-layer><!--\n\n\t\t\t\t\t\t\t--><rs-layer\n\t\t\t\t\t\t\t\tid=\"slider-2-slide-5-layer-4\" \n\t\t\t\t\t\t\t\tclass=\"xs-slider-text-shadow xs-slider-title\"\n\t\t\t\t\t\t\t\tdata-type=\"text\"\n\t\t\t\t\t\t\t\tdata-color=\"#2e3d44\"\n\t\t\t\t\t\t\t\tdata-rsp_ch=\"on\"\n\t\t\t\t\t\t\t\tdata-xy=\"x:c,c,l,l;xo:7px,7px,35px,20px;yo:127px,127px,230px,185px;\"\n\t\t\t\t\t\t\t\tdata-text=\"s:44,44,50,30;l:44,44,56,35;ls:-1,-1,0px,0px;fw:700,700,800,800;a:inherit;\"\n\t\t\t\t\t\t\t\tdata-dim=\"w:362,362,auto,auto;\"\n\t\t\t\t\t\t\t\tdata-frame_0=\"x:left;\"\n\t\t\t\t\t\t\t\tdata-frame_1=\"st:1190;sp:1000;sR:1190;\"\n\t\t\t\t\t\t\t\tdata-frame_999=\"x:-34px;o:0;st:w;sp:1000;sR:6810;\"\n\t\t\t\t\t\t\t\tstyle=\"z-index:7;font-family:'Poppins';\"\n\t\t\t\t\t\t\t>G\u00dcVENLE EN \u0130Y\u0130Y\u0130 \n\n\n \n\t\t\t\t\t\t\t<\/rs-layer><!--\n\n\t\t\t\t\t\t\t--><rs-layer\n\t\t\t\t\t\t\t\tid=\"slider-2-slide-5-layer-6\" \n\t\t\t\t\t\t\t\tdata-type=\"text\"\n\t\t\t\t\t\t\t\tdata-color=\"#2e3d44\"\n\t\t\t\t\t\t\t\tdata-rsp_ch=\"on\"\n\t\t\t\t\t\t\t\tdata-xy=\"xo:78px,78px,48px,19px;yo:302px,302px,430px,319px;\"\n\t\t\t\t\t\t\t\tdata-text=\"w:normal;s:23,23,16,16;l:31,31,24,24;\"\n\t\t\t\t\t\t\t\tdata-dim=\"w:707,707,442,321px;\"\n\t\t\t\t\t\t\t\tdata-frame_0=\"x:left;\"\n\t\t\t\t\t\t\t\tdata-frame_1=\"st:1690;sp:1000;sR:1690;\"\n\t\t\t\t\t\t\t\tdata-frame_999=\"o:0;st:w;sR:6310;\"\n\t\t\t\t\t\t\t\tstyle=\"z-index:6;font-family:'Rubik';\"\n\t\t\t\t\t\t\t> \n\t\t\t\t\t\t\t<\/rs-layer><!--\n-->\t\t\t\t\t\t<\/rs-slide>\n\t\t\t\t\t<\/rs-slides>\n\t\t\t\t\t<rs-static-layers><!--\n\t\t\t\t\t--><\/rs-static-layers>\n\t\t\t\t<\/rs-module>\n\t\t\t\t<script>\n\t\t\t\t\tsetREVStartSize({c: 'rev_slider_2_1',rl:[1240,1240,778,480],el:[740,740,760,600],gw:[1240,1240,778,480],gh:[740,740,760,600],type:'standard',justify:'',layout:'fullwidth',mh:\"0\"});if (window.RS_MODULES!==undefined && window.RS_MODULES.modules!==undefined && window.RS_MODULES.modules[\"revslider21\"]!==undefined) {window.RS_MODULES.modules[\"revslider21\"].once = false;window.revapi2 = undefined;if (window.RS_MODULES.checkMinimal!==undefined) window.RS_MODULES.checkMinimal()}\n\t\t\t\t<\/script>\n\t\t\t<\/rs-module-wrap>\n\t\t\t<!-- END REVOLUTION SLIDER -->\n<\/div>\r\n\r\n\t\t\t\t<\/div>\n\t\t\t\t<\/div>\n\t\t\t\t\t<\/div>\n\t\t<\/div>\n\t\t\t\t\t<\/div>\n\t\t<\/section>\n\t\t\t\t<section class=\"elementor-section elementor-top-section elementor-element elementor-element-e5ef503 elementor-section-boxed elementor-section-height-default elementor-section-height-default\" data-id=\"e5ef503\" data-element_type=\"section\">\n\t\t\t\t\t\t\t<div class=\"elementor-background-overlay\"><\/div>\n\t\t\t\t\t\t\t<div class=\"elementor-container elementor-column-gap-default\">\n\t\t\t\t\t<div class=\"elementor-column elementor-col-50 elementor-top-column elementor-element elementor-element-95fb951\" data-id=\"95fb951\" data-element_type=\"column\">\n\t\t\t<div class=\"elementor-widget-wrap elementor-element-populated\">\n\t\t\t\t\t\t<div class=\"elementor-element elementor-element-2fcd725 elementor-widget elementor-widget-elementskit-heading\" data-id=\"2fcd725\" data-element_type=\"widget\" data-widget_type=\"elementskit-heading.default\">\n\t\t\t\t<div class=\"elementor-widget-container\">\n\t\t\t<div class=\"ekit-wid-con\" ><div class=\"ekit-heading elementskit-section-title-wraper text_left   ekit_heading_tablet-   ekit_heading_mobile-\">\t\t\t\t<div class='ekit-heading__description'>\n\t\t\t\t\t<p class=\"font_8 wixui-rich-text__text\"><span class=\"wixui-rich-text__text\">Mebsis deneyimini inovatif ve bilimsel fikirlerle birle\u015ftirerek, sondaj projelerinin ihtiya\u00e7lar\u0131 do\u011frultusunda uygun \u00e7\u00f6z\u00fcmler \u00fcretip sekt\u00f6rde sa\u011flam bir yer edinmeyi ama\u00e7lamaktad\u0131r. \u015eirketimiz hedefleri aras\u0131nda sondaj hizmetlerinde en iyisi olman\u0131n yan\u0131 s\u0131ra sekt\u00f6re yedek par\u00e7a ve profesyonel destek sa\u011flamak da bulunmaktad\u0131r.<\/span><\/p>\n<p class=\"font_8 wixui-rich-text__text\">\u015eirketimiz y\u00f6netici ve personellerinin kapsaml\u0131 operasyon tecr\u00fcbesi ile her t\u00fcrl\u00fc maden, enerji, m\u00fchendislik sondaj hizmetleri ve sondaj dan\u0131\u015fmanl\u0131k gibi geni\u015f bir portf\u00f6yde m\u00fc\u015fterilerine \u00e7\u00f6z\u00fcm sunabilmektedir. Merkezi Ankara\u2019da bulunan MEBS\u0130S M\u00fchendislik, zaman\u0131n teknolojisine uygun ara\u00e7lar ve ekipmanlarla donat\u0131lm\u0131\u015f bir makine park\u0131na sahiptir.<\/p>\n<p>\u015eirket kurucular\u0131n\u0131n tecr\u00fcbesi 20 senelik bir ge\u00e7mi\u015fe dayanmaktad\u0131r. Bu da MEBS\u0130S M\u00fchendislik\u2019i var olan deneyimler ve birikimler sayesinde sekt\u00f6rdeki problemleri bilen, h\u0131zl\u0131ca \u00e7\u00f6z\u00fcm yaratabilecek ve gerekli aksiyonlar\u0131 alabilecek bir \u015firket haline getirmektedir. MEBS\u0130S M\u00fchendislik ulusal ve uluslararas\u0131 projelerin kapsam\u0131na uygun sondaj hizmetlerini teslim edebilecek yetkinliktedir.<\/p>\n\t\t\t\t<\/div>\n\t\t\t<\/div><\/div>\t\t<\/div>\n\t\t\t\t<\/div>\n\t\t\t\t\t<\/div>\n\t\t<\/div>\n\t\t\t\t<div class=\"elementor-column elementor-col-50 elementor-top-column elementor-element elementor-element-1dc1cf0\" data-id=\"1dc1cf0\" data-element_type=\"column\">\n\t\t\t<div class=\"elementor-widget-wrap elementor-element-populated\">\n\t\t\t\t\t\t<div class=\"elementor-element elementor-element-2ef0ffa elementor-widget elementor-widget-image\" data-id=\"2ef0ffa\" data-element_type=\"widget\" data-widget_type=\"image.default\">\n\t\t\t\t<div class=\"elementor-widget-container\">\n\t\t\t\t\t\t\t\t\t\t\t\t\t<img decoding=\"async\" width=\"800\" height=\"664\" src=\"https:\/\/www.mebsis.com.tr\/wp-content\/uploads\/2024\/04\/4e658c_23a50a04ab8d4582b77c4846136c0d4emv2.jpg\" class=\"attachment-large size-large wp-image-6008\" alt=\"\" srcset=\"https:\/\/www.mebsis.com.tr\/wp-content\/uploads\/2024\/04\/4e658c_23a50a04ab8d4582b77c4846136c0d4emv2.jpg 952w, https:\/\/www.mebsis.com.tr\/wp-content\/uploads\/2024\/04\/4e658c_23a50a04ab8d4582b77c4846136c0d4emv2-300x249.jpg 300w, https:\/\/www.mebsis.com.tr\/wp-content\/uploads\/2024\/04\/4e658c_23a50a04ab8d4582b77c4846136c0d4emv2-768x637.jpg 768w, https:\/\/www.mebsis.com.tr\/wp-content\/uploads\/2024\/04\/4e658c_23a50a04ab8d4582b77c4846136c0d4emv2-600x498.jpg 600w\" sizes=\"(max-width: 800px) 100vw, 800px\" \/>\t\t\t\t\t\t\t\t\t\t\t\t\t<\/div>\n\t\t\t\t<\/div>\n\t\t\t\t\t<\/div>\n\t\t<\/div>\n\t\t\t\t\t<\/div>\n\t\t<\/section>\n\t\t\t\t<section class=\"elementor-section elementor-top-section elementor-element elementor-element-44b6358 elementor-section-boxed elementor-section-height-default elementor-section-height-default\" data-id=\"44b6358\" data-element_type=\"section\">\n\t\t\t\t\t\t\t<div class=\"elementor-background-overlay\"><\/div>\n\t\t\t\t\t\t\t<div class=\"elementor-container elementor-column-gap-default\">\n\t\t\t\t\t<div class=\"elementor-column elementor-col-100 elementor-top-column elementor-element elementor-element-3e3a7e8\" data-id=\"3e3a7e8\" data-element_type=\"column\">\n\t\t\t<div class=\"elementor-widget-wrap elementor-element-populated\">\n\t\t\t\t\t\t<div class=\"elementor-element elementor-element-f0b37df animated-slow elementor-invisible elementor-widget elementor-widget-elementskit-heading\" data-id=\"f0b37df\" data-element_type=\"widget\" data-settings=\"{&quot;_animation&quot;:&quot;fadeInUp&quot;}\" data-widget_type=\"elementskit-heading.default\">\n\t\t\t\t<div class=\"elementor-widget-container\">\n\t\t\t<div class=\"ekit-wid-con\" ><div class=\"ekit-heading elementskit-section-title-wraper text_center   ekit_heading_tablet-   ekit_heading_mobile-\"><h2 class=\"elementskit-section-subtitle  \">\n\t\t\t\t\t\tReferanslar\u0131m\u0131z\n\t\t\t\t\t<\/h2><div class=\"ekit_heading_separetor_wraper ekit_heading_elementskit-border-divider elementskit-style-long\"><div class=\"elementskit-border-divider elementskit-style-long\"><\/div><\/div><\/div><\/div>\t\t<\/div>\n\t\t\t\t<\/div>\n\t\t\t\t<div class=\"elementor-element elementor-element-1633bc0 elementor-widget elementor-widget-image-carousel\" data-id=\"1633bc0\" data-element_type=\"widget\" data-settings=\"{&quot;slides_to_show&quot;:&quot;4&quot;,&quot;navigation&quot;:&quot;none&quot;,&quot;autoplay&quot;:&quot;yes&quot;,&quot;pause_on_hover&quot;:&quot;yes&quot;,&quot;pause_on_interaction&quot;:&quot;yes&quot;,&quot;autoplay_speed&quot;:5000,&quot;infinite&quot;:&quot;yes&quot;,&quot;speed&quot;:500}\" data-widget_type=\"image-carousel.default\">\n\t\t\t\t<div class=\"elementor-widget-container\">\n\t\t\t\t\t<div class=\"elementor-image-carousel-wrapper swiper\" dir=\"ltr\">\n\t\t\t<div class=\"elementor-image-carousel swiper-wrapper\" aria-live=\"off\">\n\t\t\t\t\t\t\t\t<div class=\"swiper-slide\" role=\"group\" aria-roledescription=\"slide\" aria-label=\"1 \/ 4\"><figure class=\"swiper-slide-inner\"><img decoding=\"async\" class=\"swiper-slide-image\" src=\"https:\/\/www.mebsis.com.tr\/wp-content\/uploads\/2024\/04\/4e658c_cda27de8590f4fb9a4687f4f203cf12cmv2.webp\" alt=\"4e658c_cda27de8590f4fb9a4687f4f203cf12c~mv2\" \/><\/figure><\/div><div class=\"swiper-slide\" role=\"group\" aria-roledescription=\"slide\" aria-label=\"2 \/ 4\"><figure class=\"swiper-slide-inner\"><img decoding=\"async\" class=\"swiper-slide-image\" src=\"https:\/\/www.mebsis.com.tr\/wp-content\/uploads\/2024\/04\/4e658c_5b5c338d7819489abda3af330f9685c4mv2.webp\" alt=\"4e658c_5b5c338d7819489abda3af330f9685c4~mv2\" \/><\/figure><\/div><div class=\"swiper-slide\" role=\"group\" aria-roledescription=\"slide\" aria-label=\"3 \/ 4\"><figure class=\"swiper-slide-inner\"><img decoding=\"async\" class=\"swiper-slide-image\" src=\"https:\/\/www.mebsis.com.tr\/wp-content\/uploads\/2024\/04\/4e658c_6831316c22814dbc93a598cedffd51fcmv2.webp\" alt=\"4e658c_6831316c22814dbc93a598cedffd51fc~mv2\" \/><\/figure><\/div><div class=\"swiper-slide\" role=\"group\" aria-roledescription=\"slide\" aria-label=\"4 \/ 4\"><figure class=\"swiper-slide-inner\"><img decoding=\"async\" class=\"swiper-slide-image\" src=\"https:\/\/www.mebsis.com.tr\/wp-content\/uploads\/2024\/04\/4e658c_445413654257412ea5edd73c5ef973c9mv2.webp\" alt=\"4e658c_445413654257412ea5edd73c5ef973c9~mv2\" \/><\/figure><\/div>\t\t\t<\/div>\n\t\t\t\t\t\t\t\n\t\t\t\t\t\t\t\t\t<\/div>\n\t\t\t\t<\/div>\n\t\t\t\t<\/div>\n\t\t\t\t<div class=\"elementor-element elementor-element-3e001e1 elementor-widget elementor-widget-elementskit-client-logo\" data-id=\"3e001e1\" data-element_type=\"widget\" data-widget_type=\"elementskit-client-logo.default\">\n\t\t\t\t<div class=\"elementor-widget-container\">\n\t\t\t<div class=\"ekit-wid-con\" >\t\t<div class=\"elementskit-clients-slider  simple_logo_image\" data-config=\"{&quot;rtl&quot;:false,&quot;arrows&quot;:false,&quot;dots&quot;:false,&quot;autoplay&quot;:true,&quot;speed&quot;:1000,&quot;slidesPerView&quot;:7,&quot;slidesPerGroup&quot;:1,&quot;pauseOnHover&quot;:true,&quot;loop&quot;:true,&quot;breakpoints&quot;:{&quot;320&quot;:{&quot;slidesPerView&quot;:1,&quot;slidesPerGroup&quot;:1,&quot;spaceBetween&quot;:10},&quot;768&quot;:{&quot;slidesPerView&quot;:2,&quot;slidesPerGroup&quot;:1,&quot;spaceBetween&quot;:10},&quot;1024&quot;:{&quot;slidesPerView&quot;:7,&quot;slidesPerGroup&quot;:1,&quot;spaceBetween&quot;:15}}}\" data-direction=\"\">\n\t\t\t<div class=\"ekit-main-swiper swiper\">\n\t\t\t\t<div class=\"swiper-wrapper\">\n\t\t\t\t\t\t\t\t\t\t\t<div class=\"elementskit-client-slider-item swiper-slide \">\n\t\t\t\t\t\t\t<div class=\"swiper-slide-inner\">\n\t\t\t\t\t\t\t\t<div class=\"single-client image-switcher\" title=\"Title #1\">\n\t\t\t\t\t\t\t\t\t\n\t\t\t\t\t\t\t\t\t\t<div class=\"content-image\">\n\n\t\t\t\t\t\t\t\t\t\t\t<img decoding=\"async\" width=\"197\" height=\"123\" src=\"https:\/\/www.mebsis.com.tr\/wp-content\/uploads\/2024\/04\/agol.webp\" class=\"\" alt=\"\" \/>\t\t\t\t\t\t\t\t\t\t<\/div>\n\n\t\t\t\t\t\t\t\t\t\n\t\t\t\t\t\t\t\t<\/div>\n\t\t\t\t\t\t\t<\/div>\n\t\t\t\t\t\t<\/div>\n\t\t\t\t\t\t\t\t\t\t\t<div class=\"elementskit-client-slider-item swiper-slide \">\n\t\t\t\t\t\t\t<div class=\"swiper-slide-inner\">\n\t\t\t\t\t\t\t\t<div class=\"single-client image-switcher\" title=\"Title #2\">\n\t\t\t\t\t\t\t\t\t\n\t\t\t\t\t\t\t\t\t\t<div class=\"content-image\">\n\n\t\t\t\t\t\t\t\t\t\t\t<img loading=\"lazy\" decoding=\"async\" width=\"150\" height=\"150\" src=\"https:\/\/www.mebsis.com.tr\/wp-content\/uploads\/2024\/04\/ai_dtk_104128_6022024005642.webp\" class=\"\" alt=\"\" srcset=\"https:\/\/www.mebsis.com.tr\/wp-content\/uploads\/2024\/04\/ai_dtk_104128_6022024005642.webp 150w, https:\/\/www.mebsis.com.tr\/wp-content\/uploads\/2024\/04\/ai_dtk_104128_6022024005642-100x100.webp 100w\" sizes=\"(max-width: 150px) 100vw, 150px\" \/>\t\t\t\t\t\t\t\t\t\t<\/div>\n\n\t\t\t\t\t\t\t\t\t\n\t\t\t\t\t\t\t\t<\/div>\n\t\t\t\t\t\t\t<\/div>\n\t\t\t\t\t\t<\/div>\n\t\t\t\t\t\t\t\t\t\t\t<div class=\"elementskit-client-slider-item swiper-slide \">\n\t\t\t\t\t\t\t<div class=\"swiper-slide-inner\">\n\t\t\t\t\t\t\t\t<div class=\"single-client image-switcher\" title=\"Title #3\">\n\t\t\t\t\t\t\t\t\t\n\t\t\t\t\t\t\t\t\t\t<div class=\"content-image\">\n\n\t\t\t\t\t\t\t\t\t\t\t<img loading=\"lazy\" decoding=\"async\" width=\"232\" height=\"153\" src=\"https:\/\/www.mebsis.com.tr\/wp-content\/uploads\/2024\/04\/ALACER-GOLD.jpg\" class=\"\" alt=\"\" \/>\t\t\t\t\t\t\t\t\t\t<\/div>\n\n\t\t\t\t\t\t\t\t\t\n\t\t\t\t\t\t\t\t<\/div>\n\t\t\t\t\t\t\t<\/div>\n\t\t\t\t\t\t<\/div>\n\t\t\t\t\t\t\t\t\t\t\t<div class=\"elementskit-client-slider-item swiper-slide \">\n\t\t\t\t\t\t\t<div class=\"swiper-slide-inner\">\n\t\t\t\t\t\t\t\t<div class=\"single-client image-switcher\" title=\"Title #4\">\n\t\t\t\t\t\t\t\t\t\n\t\t\t\t\t\t\t\t\t\t<div class=\"content-image\">\n\n\t\t\t\t\t\t\t\t\t\t\t<img loading=\"lazy\" decoding=\"async\" width=\"198\" height=\"123\" src=\"https:\/\/www.mebsis.com.tr\/wp-content\/uploads\/2024\/04\/AMG.webp\" class=\"\" alt=\"\" \/>\t\t\t\t\t\t\t\t\t\t<\/div>\n\n\t\t\t\t\t\t\t\t\t\n\t\t\t\t\t\t\t\t<\/div>\n\t\t\t\t\t\t\t<\/div>\n\t\t\t\t\t\t<\/div>\n\t\t\t\t\t\t\t\t\t\t\t<div class=\"elementskit-client-slider-item swiper-slide \">\n\t\t\t\t\t\t\t<div class=\"swiper-slide-inner\">\n\t\t\t\t\t\t\t\t<div class=\"single-client image-switcher\" title=\"Title #5\">\n\t\t\t\t\t\t\t\t\t\n\t\t\t\t\t\t\t\t\t\t<div class=\"content-image\">\n\n\t\t\t\t\t\t\t\t\t\t\t<img loading=\"lazy\" decoding=\"async\" width=\"200\" height=\"200\" src=\"https:\/\/www.mebsis.com.tr\/wp-content\/uploads\/2024\/04\/anagold_madencilik_a__logo.jpg\" class=\"\" alt=\"\" srcset=\"https:\/\/www.mebsis.com.tr\/wp-content\/uploads\/2024\/04\/anagold_madencilik_a__logo.jpg 200w, https:\/\/www.mebsis.com.tr\/wp-content\/uploads\/2024\/04\/anagold_madencilik_a__logo-150x150.jpg 150w, https:\/\/www.mebsis.com.tr\/wp-content\/uploads\/2024\/04\/anagold_madencilik_a__logo-100x100.jpg 100w\" sizes=\"(max-width: 200px) 100vw, 200px\" \/>\t\t\t\t\t\t\t\t\t\t<\/div>\n\n\t\t\t\t\t\t\t\t\t\n\t\t\t\t\t\t\t\t<\/div>\n\t\t\t\t\t\t\t<\/div>\n\t\t\t\t\t\t<\/div>\n\t\t\t\t\t\t\t\t\t\t\t<div class=\"elementskit-client-slider-item swiper-slide \">\n\t\t\t\t\t\t\t<div class=\"swiper-slide-inner\">\n\t\t\t\t\t\t\t\t<div class=\"single-client image-switcher\" title=\"List Title\">\n\t\t\t\t\t\t\t\t\t\n\t\t\t\t\t\t\t\t\t\t<div class=\"content-image\">\n\n\t\t\t\t\t\t\t\t\t\t\t<img loading=\"lazy\" decoding=\"async\" width=\"1200\" height=\"608\" src=\"https:\/\/www.mebsis.com.tr\/wp-content\/uploads\/2024\/04\/Centerra_Gold_Logo.svg_.png\" class=\"\" alt=\"\" srcset=\"https:\/\/www.mebsis.com.tr\/wp-content\/uploads\/2024\/04\/Centerra_Gold_Logo.svg_.png 1200w, https:\/\/www.mebsis.com.tr\/wp-content\/uploads\/2024\/04\/Centerra_Gold_Logo.svg_-300x152.png 300w, https:\/\/www.mebsis.com.tr\/wp-content\/uploads\/2024\/04\/Centerra_Gold_Logo.svg_-1024x519.png 1024w, https:\/\/www.mebsis.com.tr\/wp-content\/uploads\/2024\/04\/Centerra_Gold_Logo.svg_-768x389.png 768w, https:\/\/www.mebsis.com.tr\/wp-content\/uploads\/2024\/04\/Centerra_Gold_Logo.svg_-600x304.png 600w\" sizes=\"(max-width: 1200px) 100vw, 1200px\" \/>\t\t\t\t\t\t\t\t\t\t<\/div>\n\n\t\t\t\t\t\t\t\t\t\n\t\t\t\t\t\t\t\t<\/div>\n\t\t\t\t\t\t\t<\/div>\n\t\t\t\t\t\t<\/div>\n\t\t\t\t\t\t\t\t\t\t\t<div class=\"elementskit-client-slider-item swiper-slide \">\n\t\t\t\t\t\t\t<div class=\"swiper-slide-inner\">\n\t\t\t\t\t\t\t\t<div class=\"single-client image-switcher\" title=\"List Title\">\n\t\t\t\t\t\t\t\t\t\n\t\t\t\t\t\t\t\t\t\t<div class=\"content-image\">\n\n\t\t\t\t\t\t\t\t\t\t\t<img loading=\"lazy\" decoding=\"async\" width=\"490\" height=\"280\" src=\"https:\/\/www.mebsis.com.tr\/wp-content\/uploads\/2024\/04\/KOZA-ALTIN-ISLETMELERI.jpeg\" class=\"\" alt=\"\" srcset=\"https:\/\/www.mebsis.com.tr\/wp-content\/uploads\/2024\/04\/KOZA-ALTIN-ISLETMELERI.jpeg 490w, https:\/\/www.mebsis.com.tr\/wp-content\/uploads\/2024\/04\/KOZA-ALTIN-ISLETMELERI-300x171.jpeg 300w\" sizes=\"(max-width: 490px) 100vw, 490px\" \/>\t\t\t\t\t\t\t\t\t\t<\/div>\n\n\t\t\t\t\t\t\t\t\t\n\t\t\t\t\t\t\t\t<\/div>\n\t\t\t\t\t\t\t<\/div>\n\t\t\t\t\t\t<\/div>\n\t\t\t\t\t\t\t\t\t\t\t<div class=\"elementskit-client-slider-item swiper-slide \">\n\t\t\t\t\t\t\t<div class=\"swiper-slide-inner\">\n\t\t\t\t\t\t\t\t<div class=\"single-client image-switcher\" title=\"List Title\">\n\t\t\t\t\t\t\t\t\t\n\t\t\t\t\t\t\t\t\t\t<div class=\"content-image\">\n\n\t\t\t\t\t\t\t\t\t\t\t<img loading=\"lazy\" decoding=\"async\" width=\"349\" height=\"144\" src=\"https:\/\/www.mebsis.com.tr\/wp-content\/uploads\/2024\/04\/LIBERTY-GOLD.png\" class=\"\" alt=\"\" srcset=\"https:\/\/www.mebsis.com.tr\/wp-content\/uploads\/2024\/04\/LIBERTY-GOLD.png 349w, https:\/\/www.mebsis.com.tr\/wp-content\/uploads\/2024\/04\/LIBERTY-GOLD-300x124.png 300w\" sizes=\"(max-width: 349px) 100vw, 349px\" \/>\t\t\t\t\t\t\t\t\t\t<\/div>\n\n\t\t\t\t\t\t\t\t\t\n\t\t\t\t\t\t\t\t<\/div>\n\t\t\t\t\t\t\t<\/div>\n\t\t\t\t\t\t<\/div>\n\t\t\t\t\t\t\t\t\t\t\t<div class=\"elementskit-client-slider-item swiper-slide \">\n\t\t\t\t\t\t\t<div class=\"swiper-slide-inner\">\n\t\t\t\t\t\t\t\t<div class=\"single-client image-switcher\" title=\"List Title\">\n\t\t\t\t\t\t\t\t\t\n\t\t\t\t\t\t\t\t\t\t<div class=\"content-image\">\n\n\t\t\t\t\t\t\t\t\t\t\t<img loading=\"lazy\" decoding=\"async\" width=\"200\" height=\"200\" src=\"https:\/\/www.mebsis.com.tr\/wp-content\/uploads\/2024\/04\/oksutmadencilik_logo.jpg\" class=\"\" alt=\"\" srcset=\"https:\/\/www.mebsis.com.tr\/wp-content\/uploads\/2024\/04\/oksutmadencilik_logo.jpg 200w, https:\/\/www.mebsis.com.tr\/wp-content\/uploads\/2024\/04\/oksutmadencilik_logo-150x150.jpg 150w, https:\/\/www.mebsis.com.tr\/wp-content\/uploads\/2024\/04\/oksutmadencilik_logo-100x100.jpg 100w\" sizes=\"(max-width: 200px) 100vw, 200px\" \/>\t\t\t\t\t\t\t\t\t\t<\/div>\n\n\t\t\t\t\t\t\t\t\t\n\t\t\t\t\t\t\t\t<\/div>\n\t\t\t\t\t\t\t<\/div>\n\t\t\t\t\t\t<\/div>\n\t\t\t\t\t\t\t\t\t\t\t<div class=\"elementskit-client-slider-item swiper-slide \">\n\t\t\t\t\t\t\t<div class=\"swiper-slide-inner\">\n\t\t\t\t\t\t\t\t<div class=\"single-client image-switcher\" title=\"List Title\">\n\t\t\t\t\t\t\t\t\t\n\t\t\t\t\t\t\t\t\t\t<div class=\"content-image\">\n\n\t\t\t\t\t\t\t\t\t\t\t<img loading=\"lazy\" decoding=\"async\" width=\"1200\" height=\"1200\" src=\"https:\/\/www.mebsis.com.tr\/wp-content\/uploads\/2024\/04\/SSR-MINING.png\" class=\"\" alt=\"\" srcset=\"https:\/\/www.mebsis.com.tr\/wp-content\/uploads\/2024\/04\/SSR-MINING.png 1200w, https:\/\/www.mebsis.com.tr\/wp-content\/uploads\/2024\/04\/SSR-MINING-300x300.png 300w, https:\/\/www.mebsis.com.tr\/wp-content\/uploads\/2024\/04\/SSR-MINING-1024x1024.png 1024w, https:\/\/www.mebsis.com.tr\/wp-content\/uploads\/2024\/04\/SSR-MINING-150x150.png 150w, https:\/\/www.mebsis.com.tr\/wp-content\/uploads\/2024\/04\/SSR-MINING-768x768.png 768w, https:\/\/www.mebsis.com.tr\/wp-content\/uploads\/2024\/04\/SSR-MINING-600x600.png 600w, https:\/\/www.mebsis.com.tr\/wp-content\/uploads\/2024\/04\/SSR-MINING-100x100.png 100w\" sizes=\"(max-width: 1200px) 100vw, 1200px\" \/>\t\t\t\t\t\t\t\t\t\t<\/div>\n\n\t\t\t\t\t\t\t\t\t\n\t\t\t\t\t\t\t\t<\/div>\n\t\t\t\t\t\t\t<\/div>\n\t\t\t\t\t\t<\/div>\n\t\t\t\t\t\t\t\t\t<\/div>\n\n\t\t\t\t\n\t\t\t\t\t\t\t<\/div><!-- .elementskit-clients-slider END -->\n\t\t<\/div>\n\t\t<\/div>\t\t<\/div>\n\t\t\t\t<\/div>\n\t\t\t\t<div class=\"elementor-element elementor-element-936356d e-transform e-transform elementor-widget elementor-widget-elementskit-heading\" data-id=\"936356d\" data-element_type=\"widget\" data-settings=\"{&quot;_transform_rotateZ_effect&quot;:{&quot;unit&quot;:&quot;px&quot;,&quot;size&quot;:270,&quot;sizes&quot;:[]},&quot;_transform_translateX_effect&quot;:{&quot;unit&quot;:&quot;px&quot;,&quot;size&quot;:646,&quot;sizes&quot;:[]},&quot;_transform_translateY_effect&quot;:{&quot;unit&quot;:&quot;px&quot;,&quot;size&quot;:-708,&quot;sizes&quot;:[]},&quot;_transform_rotateZ_effect_tablet&quot;:{&quot;unit&quot;:&quot;deg&quot;,&quot;size&quot;:&quot;&quot;,&quot;sizes&quot;:[]},&quot;_transform_rotateZ_effect_mobile&quot;:{&quot;unit&quot;:&quot;deg&quot;,&quot;size&quot;:&quot;&quot;,&quot;sizes&quot;:[]},&quot;_transform_translateX_effect_tablet&quot;:{&quot;unit&quot;:&quot;px&quot;,&quot;size&quot;:&quot;&quot;,&quot;sizes&quot;:[]},&quot;_transform_translateX_effect_mobile&quot;:{&quot;unit&quot;:&quot;px&quot;,&quot;size&quot;:&quot;&quot;,&quot;sizes&quot;:[]},&quot;_transform_translateY_effect_tablet&quot;:{&quot;unit&quot;:&quot;px&quot;,&quot;size&quot;:&quot;&quot;,&quot;sizes&quot;:[]},&quot;_transform_translateY_effect_mobile&quot;:{&quot;unit&quot;:&quot;px&quot;,&quot;size&quot;:&quot;&quot;,&quot;sizes&quot;:[]}}\" data-widget_type=\"elementskit-heading.default\">\n\t\t\t\t<div class=\"elementor-widget-container\">\n\t\t\t<div class=\"ekit-wid-con\" ><div class=\"ekit-heading elementskit-section-title-wraper text_left   ekit_heading_tablet-   ekit_heading_mobile-\"><h2 class=\"ekit-heading--title elementskit-section-title \">Mebsis <span><span>Sondaj<\/span><\/span><\/h2><div class=\"ekit_heading_separetor_wraper ekit_heading_elementskit-border-divider\"><div class=\"elementskit-border-divider\"><\/div><\/div><\/div><\/div>\t\t<\/div>\n\t\t\t\t<\/div>\n\t\t\t\t\t<\/div>\n\t\t<\/div>\n\t\t\t\t\t<\/div>\n\t\t<\/section>\n\t\t\t\t<\/div>\n\t\t","protected":false},"excerpt":{"rendered":"<p>Mebsis deneyimini inovatif ve bilimsel fikirlerle birle\u015ftirerek, sondaj projelerinin ihtiya\u00e7lar\u0131 do\u011frultusunda uygun \u00e7\u00f6z\u00fcmler \u00fcretip sekt\u00f6rde sa\u011flam bir yer edinmeyi ama\u00e7lamaktad\u0131r. \u015eirketimiz hedefleri aras\u0131nda sondaj hizmetlerinde en iyisi olman\u0131n yan\u0131 s\u0131ra sekt\u00f6re yedek par\u00e7a ve profesyonel destek sa\u011flamak da bulunmaktad\u0131r. \u015eirketimiz y\u00f6netici ve personellerinin kapsaml\u0131 operasyon tecr\u00fcbesi ile her t\u00fcrl\u00fc maden, enerji, m\u00fchendislik sondaj hizmetleri ve [&hellip;]<\/p>\n","protected":false},"author":1,"featured_media":0,"parent":0,"menu_order":0,"comment_status":"closed","ping_status":"closed","template":"template\/homepage-template.php","meta":{"footnotes":""},"_links":{"self":[{"href":"https:\/\/www.mebsis.com.tr\/index.php?rest_route=\/wp\/v2\/pages\/9"}],"collection":[{"href":"https:\/\/www.mebsis.com.tr\/index.php?rest_route=\/wp\/v2\/pages"}],"about":[{"href":"https:\/\/www.mebsis.com.tr\/index.php?rest_route=\/wp\/v2\/types\/page"}],"author":[{"embeddable":true,"href":"https:\/\/www.mebsis.com.tr\/index.php?rest_route=\/wp\/v2\/users\/1"}],"replies":[{"embeddable":true,"href":"https:\/\/www.mebsis.com.tr\/index.php?rest_route=%2Fwp%2Fv2%2Fcomments&post=9"}],"version-history":[{"count":45,"href":"https:\/\/www.mebsis.com.tr\/index.php?rest_route=\/wp\/v2\/pages\/9\/revisions"}],"predecessor-version":[{"id":7643,"href":"https:\/\/www.mebsis.com.tr\/index.php?rest_route=\/wp\/v2\/pages\/9\/revisions\/7643"}],"wp:attachment":[{"href":"https:\/\/www.mebsis.com.tr\/index.php?rest_route=%2Fwp%2Fv2%2Fmedia&parent=9"}],"curies":[{"name":"wp","href":"https:\/\/api.w.org\/{rel}","templated":true}]}}